{"id":563,"date":"2017-10-14T09:21:26","date_gmt":"2017-10-14T09:21:26","guid":{"rendered":"http:\/\/www.nask.cz\/?page_id=563"},"modified":"2025-09-03T22:33:04","modified_gmt":"2025-09-03T22:33:04","slug":"novoborska-akademie-spojenych-kinematografii","status":"publish","type":"page","link":"https:\/\/www.nask.cz\/","title":{"rendered":"Novoborsk\u00e1 akademie spojen\u00fdch kinematografi\u00ed"},"content":{"rendered":"\n<p class=\"has-large-font-size\"><strong>NASK  6. &#8211; 8. 10. 2025<\/strong> <br>M\u011bstsk\u00e9 kino Nov\u00fd Bor <\/p>\n\n\n\n<p><\/p>\n\n\n<p>Novoborsk\u00e1 akademie spojen\u00fdch kinematografi\u00ed (NASK) po\u0159\u00e1d\u00e1 v\u017edy na podzim ( u\u017e od roku 2001) dvoudenn\u00ed akci pro vedouc\u00ed kin z cel\u00e9 \u010cesk\u00e9 republiky. Ka\u017edoro\u010dn\u011b tak\u00e9 ud\u00edl\u00ed ceny nejlep\u0161\u00edm \u010desk\u00fdm film\u016fm, herc\u016fm a re\u017eis\u00e9r\u016fm. Akce se \u00fa\u010dastn\u00ed kolem \u0161edes\u00e1ti vedouc\u00edch kin, pro kter\u00e9 je p\u0159ipraven bohat\u00fd program. V m\u011bstsk\u00e9m kin\u011b prob\u00edh\u00e1 \u0159ada p\u0159edn\u00e1\u0161ek na aktu\u00e1ln\u00ed t\u00e9ma (nov\u00e9 technologie, digitalizace, aktuality z APK, mo\u017enosti z\u00edsk\u00e1n\u00ed dotac\u00ed\u2026) Ka\u017ed\u00fd rok spolupracuje Akademie s&nbsp; distribu\u010dn\u00edmi spole\u010dnostmi, kter\u00e9 kina\u0159e seznamuj\u00ed s dramaturgick\u00fdmi pl\u00e1ny na n\u00e1sleduj\u00edc\u00ed rok a po\u0159\u00e1daj\u00ed projekci n\u011bkter\u00e9ho vybran\u00e9ho sn\u00edmku.<\/p>\n<p>NASK ud\u011bluje tak\u00e9 filmov\u00e9 ceny v&nbsp;t\u011bchto kategori\u00edch: Za nejlep\u0161\u00ed \u010desk\u00fd film, nejlep\u0161\u00ed mu\u017esk\u00fd a \u017eensk\u00fd hereck\u00fd v\u00fdkon, za re\u017eii, cenu prezidenta Akademie a skl\u00e1rny Ajeto a za nej\u00fasp\u011b\u0161n\u011bj\u00ed film ve filmov\u00e9 distribuci. Slavnostn\u00ed akce se dosud z\u00fa\u010dastnila \u0159ada v\u00fdznamn\u00fdch osobnost\u00ed ( Zden\u011bk Sv\u011br\u00e1k, Simona Sta\u0161ov\u00e1, V\u011bra Chytilov\u00e1, Ji\u0159\u00ed Barto\u0161ka, Alena Mihulov\u00e1, Jan Sv\u011br\u00e1k aj.) Origin\u00e1ln\u00ed ceny pro novoborskou akademii spojen\u00fdch kinematografi\u00ed tradi\u010dn\u011b vytv\u00e1\u0159\u00ed skl\u00e1rna Ajeto. Akademii zalo\u017eil kina\u0159 Radovan Novotn\u00fd, kter\u00fd je jej\u00edm prezidentem.<\/p>","protected":false},"excerpt":{"rendered":"<p>NASK 6. &#8211; 8. 10. 2025 M\u011bstsk\u00e9 kino Nov\u00fd Bor Novoborsk\u00e1 akademie spojen\u00fdch kinematografi\u00ed (NASK) po\u0159\u00e1d\u00e1 v\u017edy na podzim ( u\u017e od roku 2001) dvoudenn\u00ed akci pro vedouc\u00ed kin z cel\u00e9 \u010cesk\u00e9 republiky. Ka\u017edoro\u010dn\u011b tak\u00e9 ud\u00edl\u00ed ceny nejlep\u0161\u00edm \u010desk\u00fdm film\u016fm, herc\u016fm a re\u017eis\u00e9r\u016fm. Akce se \u00fa\u010dastn\u00ed kolem \u0161edes\u00e1ti vedouc\u00edch kin, pro kter\u00e9 je p\u0159ipraven bohat\u00fd &hellip; <a href=\"https:\/\/www.nask.cz\/\" class=\"more-link\">Pokra\u010dov\u00e1n\u00ed textu <span class=\"screen-reader-text\">Novoborsk\u00e1 akademie spojen\u00fdch kinematografi\u00ed<\/span> <span class=\"meta-nav\">&rarr;<\/span><\/a><\/p>\n","protected":false},"author":1,"featured_media":1214,"parent":0,"menu_order":0,"comment_status":"closed","ping_status":"closed","template":"","meta":{"ngg_post_thumbnail":0,"footnotes":""},"_links":{"self":[{"href":"https:\/\/www.nask.cz\/index.php\/wp-json\/wp\/v2\/pages\/563"}],"collection":[{"href":"https:\/\/www.nask.cz\/index.php\/wp-json\/wp\/v2\/pages"}],"about":[{"href":"https:\/\/www.nask.cz\/index.php\/wp-json\/wp\/v2\/types\/page"}],"author":[{"embeddable":true,"href":"https:\/\/www.nask.cz\/index.php\/wp-json\/wp\/v2\/users\/1"}],"replies":[{"embeddable":true,"href":"https:\/\/www.nask.cz\/index.php\/wp-json\/wp\/v2\/comments?post=563"}],"version-history":[{"count":21,"href":"https:\/\/www.nask.cz\/index.php\/wp-json\/wp\/v2\/pages\/563\/revisions"}],"predecessor-version":[{"id":1209,"href":"https:\/\/www.nask.cz\/index.php\/wp-json\/wp\/v2\/pages\/563\/revisions\/1209"}],"wp:featuredmedia":[{"embeddable":true,"href":"https:\/\/www.nask.cz\/index.php\/wp-json\/wp\/v2\/media\/1214"}],"wp:attachment":[{"href":"https:\/\/www.nask.cz\/index.php\/wp-json\/wp\/v2\/media?parent=563"}],"curies":[{"name":"wp","href":"https:\/\/api.w.org\/{rel}","templated":true}]}}